{"id":373,"date":"2023-07-19T15:08:17","date_gmt":"2023-07-19T15:08:17","guid":{"rendered":"https:\/\/canpollastre.com\/?page_id=373"},"modified":"2023-09-19T15:07:44","modified_gmt":"2023-09-19T15:07:44","slug":"politica-de-cookies-asador-a-la-lena-pollos-al-ast-en-barcelona","status":"publish","type":"page","link":"https:\/\/canpollastre.com\/ca\/politica-de-cookies-asador-a-la-lena-pollos-al-ast-en-barcelona\/","title":{"rendered":"Politica de cookies"},"content":{"rendered":"<div data-elementor-type=\"wp-page\" data-elementor-id=\"373\" class=\"elementor elementor-373\" data-elementor-post-type=\"page\">\n\t\t\t\t<div class=\"elementor-element elementor-element-84a319a e-flex e-con-boxed e-con e-parent\" data-id=\"84a319a\" data-element_type=\"container\" data-settings=\"{&quot;background_background&quot;:&quot;classic&quot;}\">\n\t\t\t\t\t<div class=\"e-con-inner\">\n\t\t\t\t\t<\/div>\n\t\t\t\t<\/div>\n\t\t\t\t<section class=\"elementor-section elementor-top-section elementor-element elementor-element-38333879 elementor-section-boxed elementor-section-height-default elementor-section-height-default\" data-id=\"38333879\" data-element_type=\"section\">\n\t\t\t\t\t\t<div class=\"elementor-container elementor-column-gap-default\">\n\t\t\t\t\t<div class=\"elementor-column elementor-col-100 elementor-top-column elementor-element elementor-element-333cea19\" data-id=\"333cea19\" data-element_type=\"column\">\n\t\t\t<div class=\"elementor-widget-wrap elementor-element-populated\">\n\t\t\t\t\t\t<div class=\"elementor-element elementor-element-1fbf44c9 elementor-widget elementor-widget-text-editor\" data-id=\"1fbf44c9\" data-element_type=\"widget\" data-widget_type=\"text-editor.default\">\n\t\t\t\t<div class=\"elementor-widget-container\">\n\t\t\t\t\t\t\t\t\t\n<p style=\"font-weight: 400;\"><strong>POL\u00cdTICA DE COOKIES<\/strong><\/p>\n<p style=\"font-weight: 400;\"><strong>\u00bfQu\u00e9 son las cookies?<\/strong><\/p>\n<p style=\"font-weight: 400;\">Una cookie es un peque\u00f1o fichero de texto que se almacena en su navegador cuando visita pr\u00e1cticamente cualquier p\u00e1gina web. Su utilidad es que la web sea capaz de recordar su visita cuando vuelva a navegar en esta p\u00e1gina. Las cookies suelen almacenar informaci\u00f3n de car\u00e1cter t\u00e9cnico, preferencias personales, personalizaci\u00f3n de contenidos, estad\u00edsticas de uso, enlaces a redes sociales, acceso a cuentas de usuario, etc. El objetivo de la cookie es adaptar el contenido de la web a su perfil y necesidades, sin cookies los servicios ofrecidos por cualquier p\u00e1gina se ver\u00edan reducidos notablemente.<\/p>\n<p style=\"font-weight: 400;\">Seg\u00fan quien sea la entidad que gestione el dominio desde donde se env\u00eden las cookies y se trates los datos que se obtengan, se pueden distinguir dos tipos: cookies propias i cookies de terceros.<\/p>\n<p style=\"font-weight: 400;\">Existen otras clasificaciones de cookies, atendiendo al t\u00e9rmino de tiempo que permanezcan almacenadas en el navegador del cliente, as\u00ed como atendiendo a la finalidad por la que se traten los datos obtenidos.<\/p>\n<p style=\"font-weight: 400;\">Para m\u00e1s informaci\u00f3n puede consultar la \u201cGu\u00eda sobre el uso de las cookies\u201d de la Agencia Espa\u00f1ola de Protecci\u00f3n de Datos.<\/p>\n<p style=\"font-weight: 400;\"><strong>Cookies utilizadas en este sitio web<\/strong><\/p>\n<p style=\"font-weight: 400;\">Siguiendo las directrices de la Agencia Espa\u00f1ola de Protecci\u00f3n de Datos procedemos a detallar el uso de cookies que hace esta web con la finalidad de informar con la m\u00e1xima exactitud posible. Este sitio web utiliza las siguientes cookies propias:<\/p>\n<p style=\"font-weight: 400;\">Cookies propias para el control de sesi\u00f3n.<\/p>\n<p style=\"font-weight: 400;\">Cookies de car\u00e1cter t\u00e9cnico.<\/p>\n<p style=\"font-weight: 400;\">Cookies de aceptaci\u00f3n de la propia pol\u00edtica de cookies, entre otros.<\/p>\n<p style=\"font-weight: 400;\"><strong>Este sitio web utiliza las siguientes cookies de terceros:<\/strong><\/p>\n<p style=\"font-weight: 400;\">Google Analytics: Almacena cookies para poder elaborar estad\u00edsticas sobre el tr\u00e1fico y volumen de visitas de esta web. Una de las herramientas de Google Analytics (Google Signals) nos aporta informaci\u00f3n, que tratamos estad\u00edsticamente, sobre la navegaci\u00f3n por nuestra web y la clase de dispositivo utilizado por nuestros visitantes. Puedes consultar informaci\u00f3n detallada sobre Google Analytics desde este enlace.<\/p>\n<p style=\"font-weight: 400;\">Redes sociales: Cada red social tiene sus propias cookies para que usted pueda hacer click en botones de tipo \u00abme gusta\u00bb o \u00abcompartir\u00bb.<\/p>\n<p style=\"font-weight: 400;\"><strong>Desactivaci\u00f3n o eliminaci\u00f3n de cookies<\/strong><\/p>\n<p style=\"font-weight: 400;\">En cualquier momento podr\u00e1 ejercer su derecho de desactivaci\u00f3n o eliminaci\u00f3n de cookies de este sitio web. Estas acciones se realizan de forma diferente en funci\u00f3n del navegador que est\u00e9n utilizando. Dado que en cada uno de los navegadores la operativa es diferente, le indicamos que la funci\u00f3n \u201cAyuda\u201d le mostrar\u00e1 c\u00f3mo hacerlo.<\/p>\n<p style=\"font-weight: 400;\"><strong>Aceptaci\u00f3n de la pol\u00edtica de cookies<\/strong><\/p>\n<p style=\"font-weight: 400;\">Pulsando el bot\u00f3n \u201cEntendido\u201d se asume que usted acepta el uso de cookies.<\/p>\n<p style=\"font-weight: 400;\"><strong>Notas adicionales<\/strong><\/p>\n<p style=\"font-weight: 400;\">Ni esta web ni sus representantes legales se hacen responsables ni del contenido ni de la veracidad de las pol\u00edticas de privacidad que puedan tener los terceros nombrados en esta pol\u00edtica de cookies.<\/p>\n<p style=\"font-weight: 400;\">Los navegadores web son las herramientas encargadas de almacenar las cookies y desde este sitio de efectuar su derecho a la eliminaci\u00f3n o desactivaci\u00f3n de las mismas. Ni esta web ni sus representantes legales pueden garantizar la correcta o incorrecta manipulaci\u00f3n de las cookies por parte de los nombrados navegadores.<\/p>\n<p style=\"font-weight: 400;\">Para m\u00e1s informaci\u00f3n sobre el uso que Google da a las cookies consultar <a href=\"https:\/\/support.google.com\/analytics\/answer\/6004245\">este enlace<\/a>.<\/p>\n<p style=\"font-weight: 400;\">\u00a0<\/p>\n<p style=\"font-weight: 400;\">\u00a0<\/p>\n\t\t\t\t\t\t\t\t<\/div>\n\t\t\t\t<\/div>\n\t\t\t\t\t<\/div>\n\t\t<\/div>\n\t\t\t\t\t<\/div>\n\t\t<\/section>\n\t\t\t\t<\/div>","protected":false},"excerpt":{"rendered":"<p>POL\u00cdTICA DE COOKIES \u00bfQu\u00e9 son las cookies? Una cookie es un peque\u00f1o fichero de texto que se almacena en su navegador cuando visita pr\u00e1cticamente cualquier p\u00e1gina web. Su utilidad es que la web sea capaz de recordar su visita cuando vuelva a navegar en esta p\u00e1gina. Las cookies suelen almacenar informaci\u00f3n de car\u00e1cter t\u00e9cnico, preferencias [&hellip;]<\/p>","protected":false},"author":1,"featured_media":0,"parent":0,"menu_order":0,"comment_status":"closed","ping_status":"closed","template":"","meta":{"footnotes":""},"class_list":["post-373","page","type-page","status-publish","hentry"],"yoast_head":"<!-- This site is optimized with the Yoast SEO plugin v26.8 - https:\/\/yoast.com\/product\/yoast-seo-wordpress\/ -->\n<title>Pol\u00edtica de cookies - Can Pollastre Asador a la le\u00f1a. Pollos al ast en Barcelona.<\/title>\n<meta name=\"description\" content=\"Asador a la le\u00f1a en Barcelona. Pollos al ast en Barcelona, lechones, conejo, y platos preparados, fideua, paella, canalones, alcahofas.\" \/>\n<meta name=\"robots\" content=\"index, follow, max-snippet:-1, max-image-preview:large, max-video-preview:-1\" \/>\n<link rel=\"canonical\" href=\"https:\/\/canpollastre.com\/ca\/politica-de-cookies-asador-a-la-lena-pollos-al-ast-en-barcelona\/\" \/>\n<meta property=\"og:locale\" content=\"ca_ES\" \/>\n<meta property=\"og:type\" content=\"article\" \/>\n<meta property=\"og:title\" content=\"Pol\u00edtica de cookies - Can Pollastre Asador a la le\u00f1a. Pollos al ast en Barcelona.\" \/>\n<meta property=\"og:description\" content=\"Asador a la le\u00f1a en Barcelona. Pollos al ast en Barcelona, lechones, conejo, y platos preparados, fideua, paella, canalones, alcahofas.\" \/>\n<meta property=\"og:url\" content=\"https:\/\/canpollastre.com\/ca\/politica-de-cookies-asador-a-la-lena-pollos-al-ast-en-barcelona\/\" \/>\n<meta property=\"og:site_name\" content=\"Can Pollastre\" \/>\n<meta property=\"article:modified_time\" content=\"2023-09-19T15:07:44+00:00\" \/>\n<meta property=\"og:image\" content=\"https:\/\/canpollastre.com\/wp-content\/uploads\/2023\/07\/Can-Pollastre-160.jpg\" \/>\n\t<meta property=\"og:image:width\" content=\"1200\" \/>\n\t<meta property=\"og:image:height\" content=\"675\" \/>\n\t<meta property=\"og:image:type\" content=\"image\/jpeg\" \/>\n<meta name=\"twitter:card\" content=\"summary_large_image\" \/>\n<meta name=\"twitter:label1\" content=\"Temps estimat de lectura\" \/>\n\t<meta name=\"twitter:data1\" content=\"3 minuts\" \/>\n<script type=\"application\/ld+json\" class=\"yoast-schema-graph\">{\"@context\":\"https:\/\/schema.org\",\"@graph\":[{\"@type\":\"WebPage\",\"@id\":\"https:\/\/canpollastre.com\/politica-de-cookies-asador-a-la-lena-pollos-al-ast-en-barcelona\/\",\"url\":\"https:\/\/canpollastre.com\/politica-de-cookies-asador-a-la-lena-pollos-al-ast-en-barcelona\/\",\"name\":\"Pol\u00edtica de cookies - Can Pollastre Asador a la le\u00f1a. Pollos al ast en Barcelona.\",\"isPartOf\":{\"@id\":\"https:\/\/canpollastre.com\/#website\"},\"datePublished\":\"2023-07-19T15:08:17+00:00\",\"dateModified\":\"2023-09-19T15:07:44+00:00\",\"description\":\"Asador a la le\u00f1a en Barcelona. Pollos al ast en Barcelona, lechones, conejo, y platos preparados, fideua, paella, canalones, alcahofas.\",\"breadcrumb\":{\"@id\":\"https:\/\/canpollastre.com\/politica-de-cookies-asador-a-la-lena-pollos-al-ast-en-barcelona\/#breadcrumb\"},\"inLanguage\":\"ca\",\"potentialAction\":[{\"@type\":\"ReadAction\",\"target\":[\"https:\/\/canpollastre.com\/politica-de-cookies-asador-a-la-lena-pollos-al-ast-en-barcelona\/\"]}]},{\"@type\":\"BreadcrumbList\",\"@id\":\"https:\/\/canpollastre.com\/politica-de-cookies-asador-a-la-lena-pollos-al-ast-en-barcelona\/#breadcrumb\",\"itemListElement\":[{\"@type\":\"ListItem\",\"position\":1,\"name\":\"Portada\",\"item\":\"https:\/\/canpollastre.com\/\"},{\"@type\":\"ListItem\",\"position\":2,\"name\":\"Pol\u00edtica de cookies\"}]},{\"@type\":\"WebSite\",\"@id\":\"https:\/\/canpollastre.com\/#website\",\"url\":\"https:\/\/canpollastre.com\/\",\"name\":\"Can Pollastre\",\"description\":\"Asador a la le\u00f1a, pollos al ast, cochinillo y conejo asado, comida preparada\",\"publisher\":{\"@id\":\"https:\/\/canpollastre.com\/#organization\"},\"alternateName\":\"canpollastre\",\"potentialAction\":[{\"@type\":\"SearchAction\",\"target\":{\"@type\":\"EntryPoint\",\"urlTemplate\":\"https:\/\/canpollastre.com\/?s={search_term_string}\"},\"query-input\":{\"@type\":\"PropertyValueSpecification\",\"valueRequired\":true,\"valueName\":\"search_term_string\"}}],\"inLanguage\":\"ca\"},{\"@type\":\"Organization\",\"@id\":\"https:\/\/canpollastre.com\/#organization\",\"name\":\"Can Pollastre\",\"alternateName\":\"Canpollastre\",\"url\":\"https:\/\/canpollastre.com\/\",\"logo\":{\"@type\":\"ImageObject\",\"inLanguage\":\"ca\",\"@id\":\"https:\/\/canpollastre.com\/#\/schema\/logo\/image\/\",\"url\":\"https:\/\/canpollastre.com\/wp-content\/uploads\/2023\/07\/cropped-Canpopllastre_logo-petit.png\",\"contentUrl\":\"https:\/\/canpollastre.com\/wp-content\/uploads\/2023\/07\/cropped-Canpopllastre_logo-petit.png\",\"width\":512,\"height\":512,\"caption\":\"Can Pollastre\"},\"image\":{\"@id\":\"https:\/\/canpollastre.com\/#\/schema\/logo\/image\/\"},\"sameAs\":[\"https:\/\/www.instagram.com\/canpollastre\/\"]}]}<\/script>\n<!-- \/ Yoast SEO plugin. -->","yoast_head_json":{"title":"Pol\u00edtica de cookies - Can Pollastre Asador a la le\u00f1a. Pollos al ast en Barcelona.","description":"Asador a la le\u00f1a en Barcelona. Pollos al ast en Barcelona, lechones, conejo, y platos preparados, fideua, paella, canalones, alcahofas.","robots":{"index":"index","follow":"follow","max-snippet":"max-snippet:-1","max-image-preview":"max-image-preview:large","max-video-preview":"max-video-preview:-1"},"canonical":"https:\/\/canpollastre.com\/ca\/politica-de-cookies-asador-a-la-lena-pollos-al-ast-en-barcelona\/","og_locale":"ca_ES","og_type":"article","og_title":"Pol\u00edtica de cookies - Can Pollastre Asador a la le\u00f1a. Pollos al ast en Barcelona.","og_description":"Asador a la le\u00f1a en Barcelona. Pollos al ast en Barcelona, lechones, conejo, y platos preparados, fideua, paella, canalones, alcahofas.","og_url":"https:\/\/canpollastre.com\/ca\/politica-de-cookies-asador-a-la-lena-pollos-al-ast-en-barcelona\/","og_site_name":"Can Pollastre","article_modified_time":"2023-09-19T15:07:44+00:00","og_image":[{"width":1200,"height":675,"url":"https:\/\/canpollastre.com\/wp-content\/uploads\/2023\/07\/Can-Pollastre-160.jpg","type":"image\/jpeg"}],"twitter_card":"summary_large_image","twitter_misc":{"Temps estimat de lectura":"3 minuts"},"schema":{"@context":"https:\/\/schema.org","@graph":[{"@type":"WebPage","@id":"https:\/\/canpollastre.com\/politica-de-cookies-asador-a-la-lena-pollos-al-ast-en-barcelona\/","url":"https:\/\/canpollastre.com\/politica-de-cookies-asador-a-la-lena-pollos-al-ast-en-barcelona\/","name":"Pol\u00edtica de cookies - Can Pollastre Asador a la le\u00f1a. Pollos al ast en Barcelona.","isPartOf":{"@id":"https:\/\/canpollastre.com\/#website"},"datePublished":"2023-07-19T15:08:17+00:00","dateModified":"2023-09-19T15:07:44+00:00","description":"Asador a la le\u00f1a en Barcelona. Pollos al ast en Barcelona, lechones, conejo, y platos preparados, fideua, paella, canalones, alcahofas.","breadcrumb":{"@id":"https:\/\/canpollastre.com\/politica-de-cookies-asador-a-la-lena-pollos-al-ast-en-barcelona\/#breadcrumb"},"inLanguage":"ca","potentialAction":[{"@type":"ReadAction","target":["https:\/\/canpollastre.com\/politica-de-cookies-asador-a-la-lena-pollos-al-ast-en-barcelona\/"]}]},{"@type":"BreadcrumbList","@id":"https:\/\/canpollastre.com\/politica-de-cookies-asador-a-la-lena-pollos-al-ast-en-barcelona\/#breadcrumb","itemListElement":[{"@type":"ListItem","position":1,"name":"Portada","item":"https:\/\/canpollastre.com\/"},{"@type":"ListItem","position":2,"name":"Pol\u00edtica de cookies"}]},{"@type":"WebSite","@id":"https:\/\/canpollastre.com\/#website","url":"https:\/\/canpollastre.com\/","name":"Can Pollastre","description":"Asador a la le\u00f1a, pollos al ast, cochinillo y conejo asado, comida preparada","publisher":{"@id":"https:\/\/canpollastre.com\/#organization"},"alternateName":"canpollastre","potentialAction":[{"@type":"SearchAction","target":{"@type":"EntryPoint","urlTemplate":"https:\/\/canpollastre.com\/?s={search_term_string}"},"query-input":{"@type":"PropertyValueSpecification","valueRequired":true,"valueName":"search_term_string"}}],"inLanguage":"ca"},{"@type":"Organization","@id":"https:\/\/canpollastre.com\/#organization","name":"Can Pollastre","alternateName":"Canpollastre","url":"https:\/\/canpollastre.com\/","logo":{"@type":"ImageObject","inLanguage":"ca","@id":"https:\/\/canpollastre.com\/#\/schema\/logo\/image\/","url":"https:\/\/canpollastre.com\/wp-content\/uploads\/2023\/07\/cropped-Canpopllastre_logo-petit.png","contentUrl":"https:\/\/canpollastre.com\/wp-content\/uploads\/2023\/07\/cropped-Canpopllastre_logo-petit.png","width":512,"height":512,"caption":"Can Pollastre"},"image":{"@id":"https:\/\/canpollastre.com\/#\/schema\/logo\/image\/"},"sameAs":["https:\/\/www.instagram.com\/canpollastre\/"]}]}},"_links":{"self":[{"href":"https:\/\/canpollastre.com\/ca\/wp-json\/wp\/v2\/pages\/373","targetHints":{"allow":["GET"]}}],"collection":[{"href":"https:\/\/canpollastre.com\/ca\/wp-json\/wp\/v2\/pages"}],"about":[{"href":"https:\/\/canpollastre.com\/ca\/wp-json\/wp\/v2\/types\/page"}],"author":[{"embeddable":true,"href":"https:\/\/canpollastre.com\/ca\/wp-json\/wp\/v2\/users\/1"}],"replies":[{"embeddable":true,"href":"https:\/\/canpollastre.com\/ca\/wp-json\/wp\/v2\/comments?post=373"}],"version-history":[{"count":0,"href":"https:\/\/canpollastre.com\/ca\/wp-json\/wp\/v2\/pages\/373\/revisions"}],"wp:attachment":[{"href":"https:\/\/canpollastre.com\/ca\/wp-json\/wp\/v2\/media?parent=373"}],"curies":[{"name":"wp","href":"https:\/\/api.w.org\/{rel}","templated":true}]}}